{"id":3,"date":"2025-02-05T11:35:44","date_gmt":"2025-02-05T10:35:44","guid":{"rendered":"http:\/\/localhost\/?page_id=3"},"modified":"2025-02-25T21:32:47","modified_gmt":"2025-02-25T20:32:47","slug":"polityka-prywatnosci","status":"publish","type":"page","link":"https:\/\/legalizacjalewandowska.pl\/index.php\/polityka-prywatnosci\/","title":{"rendered":"Polityka prywatno\u015bci"},"content":{"rendered":"\t\t<div data-elementor-type=\"wp-page\" data-elementor-id=\"3\" class=\"elementor elementor-3\">\n\t\t\t\t<div class=\"elementor-element elementor-element-33f2df65 e-flex e-con-boxed e-con e-parent\" data-id=\"33f2df65\" data-element_type=\"container\">\n\t\t\t\t\t<div class=\"e-con-inner\">\n\t\t\t\t<div class=\"elementor-element elementor-element-47e17792 elementor-widget elementor-widget-text-editor\" data-id=\"47e17792\" data-element_type=\"widget\" data-widget_type=\"text-editor.default\">\n\t\t\t\t<div class=\"elementor-widget-container\">\n\t\t\t\t\t\t\t\t\t<p><\/p><h2 class=\"wp-block-heading\" data-renderer-start-pos=\"11908\"><strong data-renderer-mark=\"true\">Polityka prywatno\u015bci<\/strong><\/h2><ol><li>Administratorem danych osobowych w rozumieniu Ustawy z dnia 29.08.1997 r. o ochronie danych osobowych (Dz. U. z 2002 r. Nr 101, poz. 926 ze zm.) dalej \u201eu.o.d.o.\u201d, podanych przez osob\u0119, kt\u00f3rej dane dotycz\u0105, administratorem Pani\/Pana danych osobowych jest firma : LEGALIZACJA POBYTU I PRACY MARTA LEWANDOWSKA reprezentowana przez Mart\u0119 Lewandowsk\u0105, Kontakt nr tel. +48 798 601 242, e-mail &#8211; marta.lewandowska@legalizacjalewandowska.pl<\/li><li>Administrator danych osobowych przetwarza dane osobowe na podstawie u.o.d.o. z uwzgl\u0119dnieniem przepis\u00f3w ustawy z dnia 18 lipca 2002 roku o \u015bwiadczeniu us\u0142ug drog\u0105 elektroniczn\u0105 (Dz.U. 2002 nr 144 poz. 1204 ze zm.).<\/li><li>Administrator przetwarza dane osobowe osoby, kt\u00f3rej dane dotycz\u0105, nast\u0119puj\u0105cych celach:<ol><li>prawid\u0142owa realizacja zawartej umowy,<\/li><li>telefoniczny lub mailowy kontakt z osob\u0105 wype\u0142niaj\u0105c\u0105 formularz kontaktowy na stronie internetowej www.legalizacjalewandowska.pl;<\/li><li>cele marketingowe w zakresie dozwolonym przepisami prawa.<\/li><\/ol><\/li><li>Przetwarzanie danych osobowych w innych celach ni\u017c okre\u015blonych w pkt. 3 powy\u017cej b\u0119dzie mo\u017cliwe po uzyskaniu odr\u0119bnej zgody, o kt\u00f3rej mowa w art. 23 ust. 1 pkt. 1 u.o.d.o.<\/li><li>Administrator przetwarza nast\u0119puj\u0105ce dane osobowe niezb\u0119dne do \u015bwiadczenia us\u0142ug drog\u0105 elektroniczn\u0105 oraz zawarcia i realizacji umowy:<ol><li>imi\u0119 i nazwisko;<\/li><li>adres zamieszkania (dane adresowe);<\/li><li>adres do korespondencji, je\u017celi jest inny ni\u017c adres, o kt\u00f3rym mowa w pkt. b);<\/li><li>adres elektroniczny (e-mail); Ponadto, ze wzgl\u0119du na w\u0142a\u015bciwo\u015b\u0107 us\u0142ugi i obowi\u0105zuj\u0105ce przepisy, Administrator przetwarza nast\u0119puj\u0105ce dane, niezb\u0119dne do prawid\u0142owego \u015bwiadczenia us\u0142ug drog\u0105 elektroniczn\u0105 oraz zawarcia i realizacji umowy:<ul><li>numer telefonu;<\/li><li>numer Identyfikacji Podatkowej.<\/li><\/ul><\/li><\/ol><\/li><li>Administrator, w celu realizacji umowy i prawid\u0142owego wykonania zam\u00f3wienia, mo\u017ce udost\u0119pni\u0107 dane osobowe odbiorcom danych w rozumieniu art. 7 pkt. 6 u.o.d.o., w szczeg\u00f3lno\u015bci operatorowi pocztowemu, firmie kurierskiej lub operatorowi p\u0142atno\u015bci. W pozosta\u0142ym zakresie dane osobowe mog\u0105 zosta\u0107 ujawnione w przypadkach przewidzianych przepisami prawa lub w przypadku uzyskania zgody, o kt\u00f3rej mowa w art. 23 ust. 1 pkt. 1 u.o.d.o.<\/li><li>Ka\u017cdej osobie, kt\u00f3rej dane osobowe s\u0105 przetwarzane przez Administratora, przys\u0142uguje prawo dost\u0119pu do tre\u015bci swoich danych i prawo do poprawiania, uzupe\u0142niania, uaktualnienia, sprostowania oraz \u017c\u0105dania usuni\u0119cia danych osobowych jej dotycz\u0105cych. W tym celu nale\u017cy skontaktowa\u0107 si\u0119 z Administratorem danych (dane kontaktowe znajduj\u0105 si\u0119 w ust. 1).<\/li><li>Podanie danych osobowych jest dobrowolne. Niepodanie danych osobowych lub ich usuni\u0119cie na \u017c\u0105danie u\u017cytkownika mo\u017ce uniemo\u017cliwi\u0107 korzystanie z us\u0142ug oferowanych przez Administratora w takim stopniu, w jakim dane s\u0105 niezb\u0119dne do prawid\u0142owego wykonania tych us\u0142ug.<\/li><li>Administrator przetwarza i zabezpiecza dane osobowe zgodnie z przepisami u.o.d.o., w szczeg\u00f3lno\u015bci z art. 36-39a u.o.d.o. W celu zapobie\u017cenia pozyskiwaniu i modyfikowaniu przez osoby nieuprawnione danych osobowych przesy\u0142anych drog\u0105 elektroniczn\u0105, po\u0142\u0105czenie z witryn\u0105 jest zabezpieczone szyfrowaniem.<\/li><li>Administrator w drodze umowy powierzy\u0142 przetwarzanie danych HOME.PL S.A. ul. Zbo\u017cowa 4 70-653 Szczecin w zakresie hostingu strony internetowej.<\/li><li>Wszystkie dane osobowe podane przez U\u017cytkownika i gromadzone przez Administratora w ramach oferowanych us\u0142ug nie s\u0105 widoczne dla pozosta\u0142ych U\u017cytkownik\u00f3w.<\/li><li>Administrator nie odpowiada za skutki udost\u0119pnienia danych osobowych U\u017cytkownika podmiotom trzecim w przypadku, kiedy to U\u017cytkownik samodzielnie poda\u0142 je do wiadomo\u015bci innym U\u017cytkownikom.<\/li><li>Administrator, wy\u0142\u0105cznie za zgod\u0105 U\u017cytkownika, upowa\u017cniony jest do przesy\u0142ania U\u017cytkownikowi na podany przez niego w trakcie u\u017cycia formularza kontaktowego, adres e-mail lub numer telefonu informacji handlowych w rozumieniu ustawy z dnia 18 lipca 2002 r. o \u015bwiadczeniu us\u0142ug drog\u0105 elektroniczn\u0105 (Dz.U. 2002 nr 144 poz. 1204 ze zm.). U\u017cytkownik ma prawo odwo\u0142ania zgody na przesy\u0142anie przez Administratora informacji handlowych, o kt\u00f3rych mowa w niniejszym punkcie. W tym celu nale\u017cy przes\u0142a\u0107 stosowne \u017c\u0105danie na adres wskazany w ust. 1 lub mailowo na adres marta.lewandowska@legalizacjalewandowska.pl<\/li><li>Administrator mo\u017ce zmieni\u0107 niniejsz\u0105 Polityk\u0119 prywatno\u015bci w ka\u017cdym czasie, przy czym poinformuje o tym na stronie internetowej, drog\u0105 elektroniczn\u0105 na wskazany adres e-mail lub przy logowaniu. Osoba, kt\u00f3rej dane s\u0105 przetwarzane, ma prawo wyrazi\u0107 sprzeciw na dalsze przetwarzanie danych osobowych na zasadach okre\u015blonych zmienion\u0105 Polityk\u0105 prywatno\u015bci.<\/li><\/ol><p>\u00a0<\/p><p>Zabrania si\u0119 kopiowania zdj\u0119\u0107 oraz opis\u00f3w (w ca\u0142o\u015bci lub w cz\u0119\u015bci) bez zgody w\u0142a\u015bciciela i administratora strony.<br \/>Zgodnie z Ustaw\u0105 o Prawie Autorskim i Prawach Pokrewnych z dnia 4 lutego 1994 roku (Dz.U.94 Nr 24 poz. 83, sprost.: Dz.U.94 Nr 43 poz.170) wykorzystywanie autorskich pomys\u0142\u00f3w, rozwi\u0105za\u0144, kopiowanie, rozpowszechnianie zdj\u0119\u0107, fragment\u00f3w grafiki, tekst\u00f3w opis\u00f3w w celach zarobkowych, bez zezwolenia autora jest zabronione i stanowi naruszenie praw autorskich oraz podlega karze. Znaki towarowe i graficzne s\u0105 w\u0142asno\u015bci\u0105 odpowiednich firm i\/lub instytucji.<\/p>\t\t\t\t\t\t\t\t<\/div>\n\t\t\t\t<\/div>\n\t\t\t\t<div class=\"elementor-element elementor-element-b5c3e44 elementor-widget elementor-widget-spacer\" data-id=\"b5c3e44\" data-element_type=\"widget\" data-widget_type=\"spacer.default\">\n\t\t\t\t<div class=\"elementor-widget-container\">\n\t\t\t\t\t\t\t<div class=\"elementor-spacer\">\n\t\t\t<div class=\"elementor-spacer-inner\"><\/div>\n\t\t<\/div>\n\t\t\t\t\t\t<\/div>\n\t\t\t\t<\/div>\n\t\t\t\t\t<\/div>\n\t\t\t\t<\/div>\t\t<\/div>\n\t\t","protected":false},"excerpt":{"rendered":"Polityka prywatno\u015bci Administratorem danych osobowych w rozumieniu Ustawy z dnia 29.08.1997 r. o ochronie danych osobowych (Dz. U. z 2002 r. Nr 101, poz. 926 ze zm.) dalej \u201eu.o.d.o.\u201d, podanych przez osob\u0119, kt\u00f3rej dane dotycz\u0105, administratorem Pani\/Pana danych osobowych jest firma : LEGALIZACJA POBYTU I PRACY MARTA LEWANDOWSKA reprezentowana przez Mart\u0119 Lewandowsk\u0105, Kontakt nr tel. ","protected":false},"author":1,"featured_media":0,"parent":0,"menu_order":0,"comment_status":"closed","ping_status":"open","template":"elementor_header_footer","meta":{"footnotes":""},"class_list":["post-3","page","type-page","status-publish","hentry"],"_links":{"self":[{"href":"https:\/\/legalizacjalewandowska.pl\/index.php\/wp-json\/wp\/v2\/pages\/3","targetHints":{"allow":["GET"]}}],"collection":[{"href":"https:\/\/legalizacjalewandowska.pl\/index.php\/wp-json\/wp\/v2\/pages"}],"about":[{"href":"https:\/\/legalizacjalewandowska.pl\/index.php\/wp-json\/wp\/v2\/types\/page"}],"author":[{"embeddable":true,"href":"https:\/\/legalizacjalewandowska.pl\/index.php\/wp-json\/wp\/v2\/users\/1"}],"replies":[{"embeddable":true,"href":"https:\/\/legalizacjalewandowska.pl\/index.php\/wp-json\/wp\/v2\/comments?post=3"}],"version-history":[{"count":12,"href":"https:\/\/legalizacjalewandowska.pl\/index.php\/wp-json\/wp\/v2\/pages\/3\/revisions"}],"predecessor-version":[{"id":849,"href":"https:\/\/legalizacjalewandowska.pl\/index.php\/wp-json\/wp\/v2\/pages\/3\/revisions\/849"}],"wp:attachment":[{"href":"https:\/\/legalizacjalewandowska.pl\/index.php\/wp-json\/wp\/v2\/media?parent=3"}],"curies":[{"name":"wp","href":"https:\/\/api.w.org\/{rel}","templated":true}]}}