{"id":37,"date":"2019-11-11T02:21:41","date_gmt":"2019-11-11T02:21:41","guid":{"rendered":"https:\/\/barristar.wpocean.com\/?page_id=37"},"modified":"2025-04-20T18:11:16","modified_gmt":"2025-04-20T16:11:16","slug":"o-mnie","status":"publish","type":"page","link":"https:\/\/legalizacjalewandowska.pl\/index.php\/o-mnie\/","title":{"rendered":"O mnie"},"content":{"rendered":"\t\t<div data-elementor-type=\"wp-page\" data-elementor-id=\"37\" class=\"elementor elementor-37\">\n\t\t\t\t\t\t<section class=\"elementor-section elementor-top-section elementor-element elementor-element-260b78d elementor-section-full_width elementor-section-height-default elementor-section-height-default\" data-id=\"260b78d\" data-element_type=\"section\">\n\t\t\t\t\t\t<div class=\"elementor-container elementor-column-gap-no\">\n\t\t\t\t\t<div class=\"elementor-column elementor-col-100 elementor-top-column elementor-element elementor-element-7e4ce94\" data-id=\"7e4ce94\" data-element_type=\"column\">\n\t\t\t<div class=\"elementor-widget-wrap elementor-element-populated\">\n\t\t\t\t\t\t<div class=\"elementor-element elementor-element-e27e3d7 elementor-widget elementor-widget-wpo-barristar_about\" data-id=\"e27e3d7\" data-element_type=\"widget\" data-settings=\"{&quot;about_image&quot;:{&quot;url&quot;:&quot;http:\\\/\\\/legalizacjalewandowska.pl\\\/wp-content\\\/uploads\\\/2025\\\/02\\\/marta-lewandowska.jpg&quot;,&quot;id&quot;:473,&quot;size&quot;:&quot;&quot;,&quot;alt&quot;:&quot;&quot;,&quot;source&quot;:&quot;library&quot;},&quot;signature_image&quot;:{&quot;url&quot;:&quot;&quot;,&quot;id&quot;:&quot;&quot;,&quot;size&quot;:&quot;&quot;}}\" data-widget_type=\"wpo-barristar_about.default\">\n\t\t\t\t<div class=\"elementor-widget-container\">\n\t\t\t\t\t\t\t<div class=\"about-section  about-area about-area2\">\n\t\t\t<div class=\"container\">\n\t\t\t\t<div class=\"row\">\n\t\t\t\t\t\t\t\t\t\t\t<div class=\"col col-lg-6 col-md-6\">\n\t\t\t\t\t\t\t<div class=\"about-title\">\n\t\t\t\t\t\t\t\t<div class=\"img-holder\">\n\t\t\t\t\t\t\t\t\t<img decoding=\"async\" src=\"https:\/\/legalizacjalewandowska.pl\/wp-content\/uploads\/2025\/02\/marta-lewandowska.jpg\" alt=\"\">\t\t\t\t\t\t\t\t<\/div>\n\t\t\t\t\t\t\t<\/div>\n\t\t\t\t\t\t<\/div>\n\t\t\t\t\t\t<div class=\"col-lg-6 col-md-6\">\n\t\t\t\t\t\t\t<div class=\"about-text\">\n\t\t\t\t\t\t\t\t<h2>O mnie<\/h2><p data-renderer-start-pos=\"745\">Od 2016 roku specjalizuj\u0119 si\u0119 w dziedzinie prawa migracyjnego w teorii i praktyce, obecnie \u015bwiadcz\u0105c ze swojego ramienia us\u0142ugi doradztwa w zakresie legalizacji pobytu oraz pracy cudzoziemc\u00f3w spoza Unii Europejskiej na terytorium Rzeczypospolitej Polskiej.<\/p><p data-renderer-start-pos=\"1010\">Za pe\u0142nomocnictwem reprezentuj\u0119 klient\u00f3w biznesowych i cudzoziemc\u00f3w spoza UE przed organami administracji pa\u0144stwowej w post\u0119powaniach administracyjnych dotycz\u0105cych cudzoziemc\u00f3w. <br \/>Udzielam pomocy w za\u0142atwieniu spraw w urz\u0119dach zwi\u0105zanych z pobytem i zatrudnieniem cudzoziemc\u00f3w oraz w uzyskiwaniu zezwole\u0144 na pobyt w r\u00f3\u017cnym celu i zezwole\u0144 na prac\u0119.<\/p><p data-renderer-start-pos=\"1359\">Jako ekspert godny zaufania z najwy\u017csz\u0105 staranno\u015bci\u0105 i dok\u0142adno\u015bci\u0105 analizuj\u0119 dokumenty pobytowe i zatrudnienia cudzoziemca proponuj\u0105c r\u00f3\u017cne rozwi\u0105zania przyspieszaj\u0105ce procedur\u0119 legalizacyjn\u0105, przygotowuj\u0119 i sk\u0142adam kompletne dokumenty do wniosk\u00f3w urz\u0119dowych na terytorium RP oraz wspieram klienta do zako\u0144czenia post\u0119powania administracyjnego zapewniaj\u0105c bezpiecze\u0144stwo i sta\u0142e nadzorowanie przebiegu procesu legalizacyjnego.<\/p><p data-renderer-start-pos=\"1788\">Moje wieloletnie do\u015bwiadczenie w pracy w danej bran\u017cy pozwala mi na podejmowanie trafnych decyzji oraz przewidywanie mo\u017cliwych wyzwa\u0144, natomiast obszerna wiedza, jak\u0105 posiadam na temat prawa migracyjnego pozwala na skuteczne rozwi\u0105zywanie problem\u00f3w legalizacyjnych.<\/p><p data-renderer-start-pos=\"2055\">Oferuj\u0105c szkolenia i warsztaty zamkni\u0119te dziel\u0119 si\u0119 wiedz\u0105 oraz praktyk\u0105 z ma\u0142ymi przedsi\u0119biorcami, jak i zar\u00f3wno du\u017cymi korporacjami,\u00a0 co przyczynia si\u0119 do ich legalnego powierzenia wykonywania pracy cudzoziemcowi spoza UE.<\/p><p data-renderer-start-pos=\"2281\">Zasi\u0119giem mojej dzia\u0142alno\u015bci jest obj\u0119ty ca\u0142y kraj, posiadaj\u0105c do\u015bwiadczenie w takich wojew\u00f3dztwach jak \u015bl\u0105skie, dolno\u015bl\u0105skie, ma\u0142opolskie, opolskie, lubuskie, podkarpackie, pomorskie oraz mazowieckie.<\/p><p data-renderer-start-pos=\"2487\">Poprowadz\u0119 Ci\u0119 za r\u0119k\u0119, aby\u015b poczu\u0142 si\u0119 bezpiecznie w obcym\/moim kraju.<\/p>\t\t\t\t\t\t\t\t<div class=\"btns\">\n\t\t\t\t\t\t\t\t\t<div class=\"btn-style\">\n\t\t\t\t\t\t\t\t\t\t\t\t\t\t\t\t\t\t\t<\/div>\n\t\t\t\t\t\t\t\t<\/div>\n\t\t\t\t\t\t\t\t<div class=\"signature\">\n\t\t\t\t\t\t\t\t\t\t\t\t\t\t\t\t\t<\/div>\n\t\t\t\t\t\t\t<\/div>\n\t\t\t\t\t\t<\/div>\n\t\t\t\t\t\t\t\t\t<\/div>\n\t\t\t<\/div>\n\t\t<\/div>\n\t\t\t\t<\/div>\n\t\t\t\t<\/div>\n\t\t\t\t\t<\/div>\n\t\t<\/div>\n\t\t\t\t\t<\/div>\n\t\t<\/section>\n\t\t\t\t<\/div>\n\t\t","protected":false},"excerpt":{"rendered":"O mnie Od 2016 roku specjalizuj\u0119 si\u0119 w dziedzinie prawa migracyjnego w teorii i praktyce, obecnie \u015bwiadcz\u0105c ze swojego ramienia us\u0142ugi doradztwa w zakresie legalizacji pobytu oraz pracy cudzoziemc\u00f3w spoza Unii Europejskiej na terytorium Rzeczypospolitej Polskiej. Za pe\u0142nomocnictwem reprezentuj\u0119 klient\u00f3w biznesowych i cudzoziemc\u00f3w spoza UE przed organami administracji pa\u0144stwowej w post\u0119powaniach administracyjnych dotycz\u0105cych cudzoziemc\u00f3w. Udzielam ","protected":false},"author":1,"featured_media":0,"parent":0,"menu_order":0,"comment_status":"closed","ping_status":"closed","template":"elementor_header_footer","meta":{"footnotes":""},"class_list":["post-37","page","type-page","status-publish","hentry"],"_links":{"self":[{"href":"https:\/\/legalizacjalewandowska.pl\/index.php\/wp-json\/wp\/v2\/pages\/37","targetHints":{"allow":["GET"]}}],"collection":[{"href":"https:\/\/legalizacjalewandowska.pl\/index.php\/wp-json\/wp\/v2\/pages"}],"about":[{"href":"https:\/\/legalizacjalewandowska.pl\/index.php\/wp-json\/wp\/v2\/types\/page"}],"author":[{"embeddable":true,"href":"https:\/\/legalizacjalewandowska.pl\/index.php\/wp-json\/wp\/v2\/users\/1"}],"replies":[{"embeddable":true,"href":"https:\/\/legalizacjalewandowska.pl\/index.php\/wp-json\/wp\/v2\/comments?post=37"}],"version-history":[{"count":14,"href":"https:\/\/legalizacjalewandowska.pl\/index.php\/wp-json\/wp\/v2\/pages\/37\/revisions"}],"predecessor-version":[{"id":1048,"href":"https:\/\/legalizacjalewandowska.pl\/index.php\/wp-json\/wp\/v2\/pages\/37\/revisions\/1048"}],"wp:attachment":[{"href":"https:\/\/legalizacjalewandowska.pl\/index.php\/wp-json\/wp\/v2\/media?parent=37"}],"curies":[{"name":"wp","href":"https:\/\/api.w.org\/{rel}","templated":true}]}}