{"id":39,"date":"2019-11-11T02:21:50","date_gmt":"2019-11-11T02:21:50","guid":{"rendered":"https:\/\/barristar.wpocean.com\/?page_id=39"},"modified":"2025-02-20T19:56:02","modified_gmt":"2025-02-20T18:56:02","slug":"kontakt","status":"publish","type":"page","link":"https:\/\/legalizacjalewandowska.pl\/index.php\/kontakt\/","title":{"rendered":"Kontakt"},"content":{"rendered":"\t\t<div data-elementor-type=\"wp-page\" data-elementor-id=\"39\" class=\"elementor elementor-39\">\n\t\t\t\t\t\t<section class=\"elementor-section elementor-top-section elementor-element elementor-element-e34dbe8 elementor-section-boxed elementor-section-height-default elementor-section-height-default\" data-id=\"e34dbe8\" data-element_type=\"section\">\n\t\t\t\t\t\t<div class=\"elementor-container elementor-column-gap-default\">\n\t\t\t\t\t<div class=\"elementor-column elementor-col-50 elementor-top-column elementor-element elementor-element-2bbdf87\" data-id=\"2bbdf87\" data-element_type=\"column\">\n\t\t\t<div class=\"elementor-widget-wrap elementor-element-populated\">\n\t\t\t\t\t\t<div class=\"elementor-element elementor-element-f2f41b8 elementor-widget elementor-widget-wpo-barristar_contactinfo\" data-id=\"f2f41b8\" data-element_type=\"widget\" data-widget_type=\"wpo-barristar_contactinfo.default\">\n\t\t\t\t<div class=\"elementor-widget-container\">\n\t\t\t\t\t\t\t<div class=\"contact-page-area\">\n\t\t\t<div class=\"contact-page-item\">\n\t\t\t\t<h2>Konsultacja<\/h2><P>Jestem tutaj po to, aby Ci pom\u00f3c. Skontaktuj si\u0119 ze mn\u0105 i porozmawiamy o tym co mog\u0119 dla Ciebie zrobi\u0107.<\/P>\t\t\t\t\t\t<div class=\"single-info\">\n\t\t\t\t\t\t\t<div class=\"info-con\">\n\t\t\t\t\t\t\t\t<i class='fi icon-earphones-alt'><\/i>\t\t\t\t\t\t\t<\/div>\n\t\t\t\t\t\t\t<div class=\"phone\">\n\t\t\t\t\t\t\t\t<h3>Telefon<\/h3><span>+48 798 601 242<\/span>\t\t\t\t\t\t\t<\/div>\n\t\t\t\t\t\t<\/div>\n\t\t\t\t\t\t\t\t\t\t<div class=\"single-info\">\n\t\t\t\t\t\t\t<div class=\"info-con\">\n\t\t\t\t\t\t\t\t<i class='fi icon-envelope-open'><\/i>\t\t\t\t\t\t\t<\/div>\n\t\t\t\t\t\t\t<div class=\"phone\">\n\t\t\t\t\t\t\t\t<h3>E-mail<\/h3><span>\nmarta.lewandowska@legalizacjalewandowska.pl<\/span>\t\t\t\t\t\t\t<\/div>\n\t\t\t\t\t\t<\/div>\n\t\t\t\t\t\t\t<\/div>\n\t\t<\/div>\n\t\t\t\t<\/div>\n\t\t\t\t<\/div>\n\t\t\t\t\t<\/div>\n\t\t<\/div>\n\t\t\t\t<div class=\"elementor-column elementor-col-50 elementor-top-column elementor-element elementor-element-89912b0\" data-id=\"89912b0\" data-element_type=\"column\">\n\t\t\t<div class=\"elementor-widget-wrap elementor-element-populated\">\n\t\t\t\t\t\t<div class=\"elementor-element elementor-element-ba130ee elementor-widget elementor-widget-wpo-barristar_contact_form\" data-id=\"ba130ee\" data-element_type=\"widget\" data-widget_type=\"wpo-barristar_contact_form.default\">\n\t\t\t\t<div class=\"elementor-widget-container\">\n\t\t\t\t\t\t\t\t<div class=\"contact contact-page-area\">\n\t\t\t\t<div class=\"contact-area contact-area-2 contact-area-3\">\n\t\t\t\t\t<h2>Napisz do mnie<\/h2>\t\t\t\t\t<div class=\"contact-form\">\n\t\t\t\t\t\t\n<div class=\"wpcf7 no-js\" id=\"wpcf7-f131-o1\" lang=\"en-US\" dir=\"ltr\" data-wpcf7-id=\"131\">\n<div class=\"screen-reader-response\"><p role=\"status\" aria-live=\"polite\" aria-atomic=\"true\"><\/p> <ul><\/ul><\/div>\n<form action=\"\/index.php\/wp-json\/wp\/v2\/pages\/39#wpcf7-f131-o1\" method=\"post\" class=\"wpcf7-form init\" aria-label=\"Contact form\" novalidate=\"novalidate\" data-status=\"init\">\n<div style=\"display: none;\">\n<input type=\"hidden\" name=\"_wpcf7\" value=\"131\" \/>\n<input type=\"hidden\" name=\"_wpcf7_version\" value=\"6.0.3\" \/>\n<input type=\"hidden\" name=\"_wpcf7_locale\" value=\"en_US\" \/>\n<input type=\"hidden\" name=\"_wpcf7_unit_tag\" value=\"wpcf7-f131-o1\" \/>\n<input type=\"hidden\" name=\"_wpcf7_container_post\" value=\"0\" \/>\n<input type=\"hidden\" name=\"_wpcf7_posted_data_hash\" value=\"\" \/>\n<\/div>\n<div class=\"contact-home\">\n\t<div<span class=\"wpcf7-form-control-wrap\" data-name=\"email-633\"><input size=\"40\" maxlength=\"400\" class=\"wpcf7-form-control wpcf7-email wpcf7-validates-as-required wpcf7-text wpcf7-validates-as-email form-control\" aria-required=\"true\" aria-invalid=\"false\" placeholder=\"E-mail\" value=\"\" type=\"email\" name=\"email-633\" \/><\/span>\n\t<\/div<placeholder:inline>\n<\/div>\n<div>\n\t<p><span class=\"wpcf7-form-control-wrap\" data-name=\"textarea-8\"><textarea cols=\"40\" rows=\"10\" maxlength=\"2000\" class=\"wpcf7-form-control wpcf7-textarea wpcf7-validates-as-required form-control\" aria-required=\"true\" aria-invalid=\"false\" placeholder=\"Tre\u015b\u0107\" name=\"textarea-8\"><\/textarea><\/span>\n\t<\/p>\n<\/div>\n<div class=\"submit-btn-wrapper\">\n\t<p><input class=\"wpcf7-form-control wpcf7-submit has-spinner theme-btn\" type=\"submit\" value=\"Wy\u015blij\" \/>\n\t<\/p>\n<\/div>\n<div class=\"wpcf7-response-output\" aria-hidden=\"true\"><\/div>\n<\/form>\n<\/div>\n\t\t\t\t\t<\/div>\n\t\t\t\t<\/div>\n\t\t\t<\/div>\n\t\t\t\t<\/div>\n\t\t\t\t<\/div>\n\t\t\t\t\t<\/div>\n\t\t<\/div>\n\t\t\t\t\t<\/div>\n\t\t<\/section>\n\t\t\t\t<\/div>\n\t\t","protected":false},"excerpt":{"rendered":"Konsultacja Jestem tutaj po to, aby Ci pom\u00f3c. Skontaktuj si\u0119 ze mn\u0105 i porozmawiamy o tym co mog\u0119 dla Ciebie zrobi\u0107. Telefon +48 798 601 242 E-mail marta.lewandowska@legalizacjalewandowska.pl Napisz do mnie","protected":false},"author":1,"featured_media":0,"parent":0,"menu_order":0,"comment_status":"closed","ping_status":"closed","template":"elementor_header_footer","meta":{"footnotes":""},"class_list":["post-39","page","type-page","status-publish","hentry"],"_links":{"self":[{"href":"https:\/\/legalizacjalewandowska.pl\/index.php\/wp-json\/wp\/v2\/pages\/39","targetHints":{"allow":["GET"]}}],"collection":[{"href":"https:\/\/legalizacjalewandowska.pl\/index.php\/wp-json\/wp\/v2\/pages"}],"about":[{"href":"https:\/\/legalizacjalewandowska.pl\/index.php\/wp-json\/wp\/v2\/types\/page"}],"author":[{"embeddable":true,"href":"https:\/\/legalizacjalewandowska.pl\/index.php\/wp-json\/wp\/v2\/users\/1"}],"replies":[{"embeddable":true,"href":"https:\/\/legalizacjalewandowska.pl\/index.php\/wp-json\/wp\/v2\/comments?post=39"}],"version-history":[{"count":19,"href":"https:\/\/legalizacjalewandowska.pl\/index.php\/wp-json\/wp\/v2\/pages\/39\/revisions"}],"predecessor-version":[{"id":658,"href":"https:\/\/legalizacjalewandowska.pl\/index.php\/wp-json\/wp\/v2\/pages\/39\/revisions\/658"}],"wp:attachment":[{"href":"https:\/\/legalizacjalewandowska.pl\/index.php\/wp-json\/wp\/v2\/media?parent=39"}],"curies":[{"name":"wp","href":"https:\/\/api.w.org\/{rel}","templated":true}]}}